{"id":3733,"date":"2014-06-25T14:18:49","date_gmt":"2014-06-25T12:18:49","guid":{"rendered":"http:\/\/wordpress.p229600.webspaceconfig.de\/?page_id=3733"},"modified":"2022-01-31T12:46:25","modified_gmt":"2022-01-31T11:46:25","slug":"produkte","status":"publish","type":"page","link":"https:\/\/www.2g-konzept.de\/index.php\/das-unternehmen\/produkte\/","title":{"rendered":"Produkte"},"content":{"rendered":"\t\t<div data-elementor-type=\"wp-page\" data-elementor-id=\"3733\" class=\"elementor elementor-3733\">\n\t\t\t\t\t\t\t\t\t<section data-particle_enable=\"false\" data-particle-mobile-disabled=\"false\" class=\"elementor-section elementor-top-section elementor-element elementor-element-464398e8 elementor-section-boxed elementor-section-height-default elementor-section-height-default\" data-id=\"464398e8\" data-element_type=\"section\">\n\t\t\t\t\t\t<div class=\"elementor-container elementor-column-gap-extended\">\n\t\t\t\t\t<div class=\"elementor-column elementor-col-50 elementor-top-column elementor-element elementor-element-4d47411e\" data-id=\"4d47411e\" data-element_type=\"column\">\n\t\t\t<div class=\"elementor-widget-wrap elementor-element-populated\">\n\t\t\t\t\t\t\t\t<div class=\"elementor-element elementor-element-1ffa1707 elementor-widget elementor-widget-heading\" data-id=\"1ffa1707\" data-element_type=\"widget\" data-widget_type=\"heading.default\">\n\t\t\t\t<div class=\"elementor-widget-container\">\n\t\t\t<style>\/*! elementor - v3.7.3 - 29-08-2022 *\/\n.elementor-heading-title{padding:0;margin:0;line-height:1}.elementor-widget-heading .elementor-heading-title[class*=elementor-size-]>a{color:inherit;font-size:inherit;line-height:inherit}.elementor-widget-heading .elementor-heading-title.elementor-size-small{font-size:15px}.elementor-widget-heading .elementor-heading-title.elementor-size-medium{font-size:19px}.elementor-widget-heading .elementor-heading-title.elementor-size-large{font-size:29px}.elementor-widget-heading .elementor-heading-title.elementor-size-xl{font-size:39px}.elementor-widget-heading .elementor-heading-title.elementor-size-xxl{font-size:59px}<\/style><h1 class=\"elementor-heading-title elementor-size-default\">Produkte<\/h1>\t\t<\/div>\n\t\t\t\t<\/div>\n\t\t\t\t\t<\/div>\n\t\t<\/div>\n\t\t\t\t<div class=\"elementor-column elementor-col-50 elementor-top-column elementor-element elementor-element-6e4b3c82\" data-id=\"6e4b3c82\" data-element_type=\"column\">\n\t\t\t<div class=\"elementor-widget-wrap\">\n\t\t\t\t\t\t\t\t\t<\/div>\n\t\t<\/div>\n\t\t\t\t\t\t\t<\/div>\n\t\t<\/section>\n\t\t\t\t<section data-particle_enable=\"false\" data-particle-mobile-disabled=\"false\" class=\"elementor-section elementor-top-section elementor-element elementor-element-dddc0e5 elementor-section-boxed elementor-section-height-default elementor-section-height-default\" data-id=\"dddc0e5\" data-element_type=\"section\">\n\t\t\t\t\t\t<div class=\"elementor-container elementor-column-gap-extended\">\n\t\t\t\t\t<div class=\"elementor-column elementor-col-50 elementor-top-column elementor-element elementor-element-75fc9553\" data-id=\"75fc9553\" data-element_type=\"column\">\n\t\t\t<div class=\"elementor-widget-wrap elementor-element-populated\">\n\t\t\t\t\t\t\t\t<div class=\"elementor-element elementor-element-43bca639 elementor-widget elementor-widget-heading\" data-id=\"43bca639\" data-element_type=\"widget\" data-widget_type=\"heading.default\">\n\t\t\t\t<div class=\"elementor-widget-container\">\n\t\t\t<h3 class=\"elementor-heading-title elementor-size-default\">2G-Service-Stationen<\/h3>\t\t<\/div>\n\t\t\t\t<\/div>\n\t\t\t\t<div class=\"elementor-element elementor-element-47eca121 elementor-widget elementor-widget-text-editor\" data-id=\"47eca121\" data-element_type=\"widget\" data-widget_type=\"text-editor.default\">\n\t\t\t\t<div class=\"elementor-widget-container\">\n\t\t\t<style>\/*! elementor - v3.7.3 - 29-08-2022 *\/\n.elementor-widget-text-editor.elementor-drop-cap-view-stacked .elementor-drop-cap{background-color:#818a91;color:#fff}.elementor-widget-text-editor.elementor-drop-cap-view-framed .elementor-drop-cap{color:#818a91;border:3px solid;background-color:transparent}.elementor-widget-text-editor:not(.elementor-drop-cap-view-default) .elementor-drop-cap{margin-top:8px}.elementor-widget-text-editor:not(.elementor-drop-cap-view-default) .elementor-drop-cap-letter{width:1em;height:1em}.elementor-widget-text-editor .elementor-drop-cap{float:left;text-align:center;line-height:1;font-size:50px}.elementor-widget-text-editor .elementor-drop-cap-letter{display:inline-block}<\/style>\t\t\t\t<p>Sie gibt es klassischerweise als <strong>Baustationen<\/strong> f\u00fcr den Einsatz auf Gro\u00dfbaustellen und als <strong>Mietstationen<\/strong> in Fachm\u00e4rkten f\u00fcr Handwerksbetriebe und Hobby-Handwerker.<\/p>\t\t\t\t\t\t<\/div>\n\t\t\t\t<\/div>\n\t\t\t\t<div class=\"elementor-element elementor-element-45d94f9f elementor-widget elementor-widget-heading\" data-id=\"45d94f9f\" data-element_type=\"widget\" data-widget_type=\"heading.default\">\n\t\t\t\t<div class=\"elementor-widget-container\">\n\t\t\t<h3 class=\"elementor-heading-title elementor-size-default\">Die Baustation<\/h3>\t\t<\/div>\n\t\t\t\t<\/div>\n\t\t\t\t<div class=\"elementor-element elementor-element-2191fef8 elementor-widget elementor-widget-text-editor\" data-id=\"2191fef8\" data-element_type=\"widget\" data-widget_type=\"text-editor.default\">\n\t\t\t\t<div class=\"elementor-widget-container\">\n\t\t\t\t\t\t\t<p>Die Baustation, 3- oder 6 Meter Seecontainer mit Kundenschl\u00fcssel &#8211; Zugangsberechtigung, Internetzugang und Hotline Betreuung. Best\u00fcckung individuell mit anmietbaren F\u00e4chern. Kundenverwaltung direkt \u00fcber 2G Konzept KG.<\/p>\t\t\t\t\t\t<\/div>\n\t\t\t\t<\/div>\n\t\t\t\t<div class=\"elementor-element elementor-element-41e8b25e elementor-widget elementor-widget-heading\" data-id=\"41e8b25e\" data-element_type=\"widget\" data-widget_type=\"heading.default\">\n\t\t\t\t<div class=\"elementor-widget-container\">\n\t\t\t<h3 class=\"elementor-heading-title elementor-size-default\">Die Mietstation<\/h3>\t\t<\/div>\n\t\t\t\t<\/div>\n\t\t\t\t<div class=\"elementor-element elementor-element-490f1710 elementor-widget elementor-widget-text-editor\" data-id=\"490f1710\" data-element_type=\"widget\" data-widget_type=\"text-editor.default\">\n\t\t\t\t<div class=\"elementor-widget-container\">\n\t\t\t\t\t\t\t<p>Die Mietstation, ein 6 Meter Container, bzw. Pavillion. Zugang per EC-Karte oder Kundenschl\u00fcssel. Internetzugang per DSL, UMTS oder LTE. Hotline &#8211; Betreuung und Kamera\u00fcberwachung sowie interaktiver Beratung.<\/p>\t\t\t\t\t\t<\/div>\n\t\t\t\t<\/div>\n\t\t\t\t\t<\/div>\n\t\t<\/div>\n\t\t\t\t<div class=\"elementor-column elementor-col-50 elementor-top-column elementor-element elementor-element-79df485d\" data-id=\"79df485d\" data-element_type=\"column\">\n\t\t\t<div class=\"elementor-widget-wrap elementor-element-populated\">\n\t\t\t\t\t\t\t\t<div class=\"elementor-element elementor-element-533eb22 elementor-widget elementor-widget-image\" data-id=\"533eb22\" data-element_type=\"widget\" data-widget_type=\"image.default\">\n\t\t\t\t<div class=\"elementor-widget-container\">\n\t\t\t<style>\/*! elementor - v3.7.3 - 29-08-2022 *\/\n.elementor-widget-image{text-align:center}.elementor-widget-image a{display:inline-block}.elementor-widget-image a img[src$=\".svg\"]{width:48px}.elementor-widget-image img{vertical-align:middle;display:inline-block}<\/style>\t\t\t\t\t\t\t\t\t\t\t\t<img width=\"1024\" height=\"642\" src=\"https:\/\/www.2g-konzept.de\/wp-content\/uploads\/2014\/06\/berner_station_2-1024x642.jpg\" class=\"attachment-large size-large\" alt=\"\" loading=\"lazy\" srcset=\"https:\/\/www.2g-konzept.de\/wp-content\/uploads\/2014\/06\/berner_station_2-1024x642.jpg 1024w, https:\/\/www.2g-konzept.de\/wp-content\/uploads\/2014\/06\/berner_station_2-300x188.jpg 300w, https:\/\/www.2g-konzept.de\/wp-content\/uploads\/2014\/06\/berner_station_2-900x564.jpg 900w, https:\/\/www.2g-konzept.de\/wp-content\/uploads\/2014\/06\/berner_station_2-557x350.jpg 557w, https:\/\/www.2g-konzept.de\/wp-content\/uploads\/2014\/06\/berner_station_2-100x62.jpg 100w, https:\/\/www.2g-konzept.de\/wp-content\/uploads\/2014\/06\/berner_station_2-e1410254656296.jpg 957w\" sizes=\"(max-width: 1024px) 100vw, 1024px\" \/>\t\t\t\t\t\t\t\t\t\t\t\t\t\t\t<\/div>\n\t\t\t\t<\/div>\n\t\t\t\t<div class=\"elementor-element elementor-element-0c0456f elementor-widget elementor-widget-image\" data-id=\"0c0456f\" data-element_type=\"widget\" data-widget_type=\"image.default\">\n\t\t\t\t<div class=\"elementor-widget-container\">\n\t\t\t\t\t\t\t\t\t\t\t\t\t\t\t<img width=\"787\" height=\"249\" src=\"https:\/\/www.2g-konzept.de\/wp-content\/uploads\/2014\/09\/hilti.jpg\" class=\"attachment-large size-large\" alt=\"\" loading=\"lazy\" srcset=\"https:\/\/www.2g-konzept.de\/wp-content\/uploads\/2014\/09\/hilti.jpg 787w, https:\/\/www.2g-konzept.de\/wp-content\/uploads\/2014\/09\/hilti-300x94.jpg 300w, https:\/\/www.2g-konzept.de\/wp-content\/uploads\/2014\/09\/hilti-100x31.jpg 100w\" sizes=\"(max-width: 787px) 100vw, 787px\" \/>\t\t\t\t\t\t\t\t\t\t\t\t\t\t\t<\/div>\n\t\t\t\t<\/div>\n\t\t\t\t<div class=\"elementor-element elementor-element-6fe7e99 elementor-widget elementor-widget-image\" data-id=\"6fe7e99\" data-element_type=\"widget\" data-widget_type=\"image.default\">\n\t\t\t\t<div class=\"elementor-widget-container\">\n\t\t\t\t\t\t\t\t\t\t\t\t\t\t\t<img width=\"1024\" height=\"768\" src=\"https:\/\/www.2g-konzept.de\/wp-content\/uploads\/2014\/06\/imag0024_200-1024x768.jpg\" class=\"attachment-large size-large\" alt=\"\" loading=\"lazy\" srcset=\"https:\/\/www.2g-konzept.de\/wp-content\/uploads\/2014\/06\/imag0024_200-1024x768.jpg 1024w, https:\/\/www.2g-konzept.de\/wp-content\/uploads\/2014\/06\/imag0024_200-300x225.jpg 300w, https:\/\/www.2g-konzept.de\/wp-content\/uploads\/2014\/06\/imag0024_200-900x675.jpg 900w, https:\/\/www.2g-konzept.de\/wp-content\/uploads\/2014\/06\/imag0024_200-466x350.jpg 466w, https:\/\/www.2g-konzept.de\/wp-content\/uploads\/2014\/06\/imag0024_200-100x75.jpg 100w, https:\/\/www.2g-konzept.de\/wp-content\/uploads\/2014\/06\/imag0024_200-e1410254625459.jpg 600w\" sizes=\"(max-width: 1024px) 100vw, 1024px\" \/>\t\t\t\t\t\t\t\t\t\t\t\t\t\t\t<\/div>\n\t\t\t\t<\/div>\n\t\t\t\t\t<\/div>\n\t\t<\/div>\n\t\t\t\t\t\t\t<\/div>\n\t\t<\/section>\n\t\t\t\t\t\t\t<\/div>\n\t\t","protected":false},"excerpt":{"rendered":"<p>Produkte 2G-Service-Stationen Sie gibt es klassischerweise als Baustationen f\u00fcr den Einsatz auf Gro\u00dfbaustellen und als Mietstationen in Fachm\u00e4rkten f\u00fcr Handwerksbetriebe und Hobby-Handwerker. Die Baustation Die Baustation, 3- oder 6 Meter Seecontainer mit Kundenschl\u00fcssel &#8211; Zugangsberechtigung, Internetzugang und Hotline Betreuung. Best\u00fcckung individuell mit anmietbaren F\u00e4chern. Kundenverwaltung direkt \u00fcber 2G Konzept KG. Die Mietstation Die Mietstation, ein [&hellip;]<\/p>\n","protected":false},"author":5,"featured_media":0,"parent":1623,"menu_order":0,"comment_status":"open","ping_status":"open","template":"elementor_header_footer","meta":[],"_links":{"self":[{"href":"https:\/\/www.2g-konzept.de\/index.php\/wp-json\/wp\/v2\/pages\/3733"}],"collection":[{"href":"https:\/\/www.2g-konzept.de\/index.php\/wp-json\/wp\/v2\/pages"}],"about":[{"href":"https:\/\/www.2g-konzept.de\/index.php\/wp-json\/wp\/v2\/types\/page"}],"author":[{"embeddable":true,"href":"https:\/\/www.2g-konzept.de\/index.php\/wp-json\/wp\/v2\/users\/5"}],"replies":[{"embeddable":true,"href":"https:\/\/www.2g-konzept.de\/index.php\/wp-json\/wp\/v2\/comments?post=3733"}],"version-history":[{"count":23,"href":"https:\/\/www.2g-konzept.de\/index.php\/wp-json\/wp\/v2\/pages\/3733\/revisions"}],"predecessor-version":[{"id":4563,"href":"https:\/\/www.2g-konzept.de\/index.php\/wp-json\/wp\/v2\/pages\/3733\/revisions\/4563"}],"up":[{"embeddable":true,"href":"https:\/\/www.2g-konzept.de\/index.php\/wp-json\/wp\/v2\/pages\/1623"}],"wp:attachment":[{"href":"https:\/\/www.2g-konzept.de\/index.php\/wp-json\/wp\/v2\/media?parent=3733"}],"curies":[{"name":"wp","href":"https:\/\/api.w.org\/{rel}","templated":true}]}}